{"id":793,"date":"2022-02-07T13:06:18","date_gmt":"2022-02-07T12:06:18","guid":{"rendered":"https:\/\/www.hotel-alison.com\/?page_id=793"},"modified":"2024-11-29T16:42:22","modified_gmt":"2024-11-29T15:42:22","slug":"reviews","status":"publish","type":"page","link":"https:\/\/www.hotel-alison.com\/en\/reviews\/","title":{"rendered":"Reviews"},"content":{"rendered":"[vc_row type=&#8221;full_width_content&#8221; full_screen_row_position=&#8221;bottom&#8221; equal_height=&#8221;yes&#8221; content_placement=&#8221;bottom&#8221; scene_position=&#8221;center&#8221; text_color=&#8221;dark&#8221; text_align=&#8221;left&#8221; class=&#8221;desk&#8221; overlay_strength=&#8221;0.3&#8243; shape_divider_position=&#8221;bottom&#8221; shape_type=&#8221;&#8221;][vc_column column_padding=&#8221;no-extra-padding&#8221; column_padding_position=&#8221;all&#8221; background_color_opacity=&#8221;1&#8243; background_hover_color_opacity=&#8221;1&#8243; background_image=&#8221;1325&#8243; enable_bg_scale=&#8221;true&#8221; column_shadow=&#8221;none&#8221; column_border_radius=&#8221;none&#8221; width=&#8221;1\/6&#8243; tablet_text_alignment=&#8221;default&#8221; phone_text_alignment=&#8221;default&#8221; column_border_width=&#8221;none&#8221; column_border_style=&#8221;solid&#8221;][\/vc_column][vc_column column_padding=&#8221;padding-5-percent&#8221; column_padding_position=&#8221;all&#8221; background_color=&#8221;#383838&#8243; background_color_opacity=&#8221;1&#8243; background_hover_color_opacity=&#8221;1&#8243; font_color=&#8221;#ffffff&#8221; column_shadow=&#8221;none&#8221; column_border_radius=&#8221;none&#8221; width=&#8221;2\/6&#8243; tablet_text_alignment=&#8221;default&#8221; phone_text_alignment=&#8221;default&#8221; column_border_width=&#8221;none&#8221; column_border_style=&#8221;solid&#8221;][vc_custom_heading text=&#8221;Reviews&#8221; font_container=&#8221;tag:h2|text_align:left|color:%23ffffff&#8221; use_theme_fonts=&#8221;yes&#8221;][\/vc_column][vc_column column_padding=&#8221;no-extra-padding&#8221; column_padding_position=&#8221;all&#8221; background_color_opacity=&#8221;1&#8243; background_hover_color_opacity=&#8221;1&#8243; background_image=&#8221;1524&#8243; enable_bg_scale=&#8221;true&#8221; column_shadow=&#8221;none&#8221; column_border_radius=&#8221;none&#8221; width=&#8221;1\/2&#8243; tablet_text_alignment=&#8221;default&#8221; phone_text_alignment=&#8221;default&#8221; column_border_width=&#8221;none&#8221; column_border_style=&#8221;solid&#8221;][\/vc_column][\/vc_row][vc_row type=&#8221;full_width_content&#8221; full_screen_row_position=&#8221;bottom&#8221; equal_height=&#8221;yes&#8221; content_placement=&#8221;bottom&#8221; scene_position=&#8221;center&#8221; text_color=&#8221;dark&#8221; text_align=&#8221;left&#8221; class=&#8221;resp&#8221; overlay_strength=&#8221;0.3&#8243; shape_divider_position=&#8221;bottom&#8221; shape_type=&#8221;&#8221;][vc_column column_padding=&#8221;padding-5-percent&#8221; column_padding_position=&#8221;all&#8221; background_color=&#8221;#383838&#8243; background_color_opacity=&#8221;1&#8243; background_hover_color_opacity=&#8221;1&#8243; font_color=&#8221;#ffffff&#8221; column_shadow=&#8221;none&#8221; column_border_radius=&#8221;none&#8221; width=&#8221;1\/2&#8243; tablet_text_alignment=&#8221;default&#8221; phone_text_alignment=&#8221;default&#8221; column_border_width=&#8221;none&#8221; column_border_style=&#8221;solid&#8221;][vc_custom_heading text=&#8221;Reviews&#8221; font_container=&#8221;tag:h2|text_align:left|color:%23ffffff&#8221; use_theme_fonts=&#8221;yes&#8221;][\/vc_column][vc_column column_padding=&#8221;no-extra-padding&#8221; column_padding_position=&#8221;all&#8221; background_color_opacity=&#8221;1&#8243; background_hover_color_opacity=&#8221;1&#8243; background_image=&#8221;1176&#8243; enable_bg_scale=&#8221;true&#8221; column_shadow=&#8221;none&#8221; column_border_radius=&#8221;none&#8221; width=&#8221;1\/2&#8243; tablet_text_alignment=&#8221;default&#8221; phone_text_alignment=&#8221;default&#8221; column_border_width=&#8221;none&#8221; column_border_style=&#8221;solid&#8221;][\/vc_column][\/vc_row][vc_row type=&#8221;full_width_content&#8221; full_screen_row_position=&#8221;middle&#8221; bg_color=&#8221;#383838&#8243; scene_position=&#8221;center&#8221; text_color=&#8221;light&#8221; text_align=&#8221;left&#8221; top_padding=&#8221;7%&#8221; bottom_padding=&#8221;6%&#8221; overlay_strength=&#8221;0.3&#8243; shape_divider_position=&#8221;bottom&#8221; shape_type=&#8221;&#8221;][vc_column column_padding=&#8221;no-extra-padding&#8221; column_padding_position=&#8221;all&#8221; background_color_opacity=&#8221;1&#8243; background_hover_color_opacity=&#8221;1&#8243; column_shadow=&#8221;none&#8221; column_border_radius=&#8221;none&#8221; width=&#8221;1\/1&#8243; tablet_text_alignment=&#8221;default&#8221; phone_text_alignment=&#8221;default&#8221; column_border_width=&#8221;none&#8221; column_border_style=&#8221;solid&#8221;][testimonial_slider style=&#8221;multiple_visible&#8221; color=&#8221;accent-color-dark&#8221;][testimonial star_rating=&#8221;100%&#8221; title=&#8221;Testimonial&#8221; id=&#8221;1726207985719-0-9&#8243; tab_id=&#8221;1726207985720-1&#8243; name=&#8221;Expedia&#8221; subtitle=&#8221;5 Sept. 2024&#8243; quote=&#8221;The hotel was charming! and very comfortable. And everyone was lovely! It was exceptionally clean and in a great location! I have always stayed in the 6th, but really enjoyed the 8th &#8211; the hotel\u2019s location. I will return to Paris and stay there again! Merci a tous chez Hotel Alison!&#8221;][\/testimonial][testimonial star_rating=&#8221;100%&#8221; title=&#8221;Testimonial&#8221; id=&#8221;1726207954542-0-0&#8243; tab_id=&#8221;1726207954543-6&#8243; name=&#8221;Expedia&#8221; subtitle=&#8221;1 Sept. 2024&#8243; quote=&#8221;I was volunteering at the Grand Palais during the Paralympics, staying at Hotel Alison has made my volunteering mission even more awesome The staff was so accommodating and helpful I would definitely stay here again and will recommend the Hotel Alison to family and friends Thank you to all the staff at Hotel Alison you are amazing&#8221;][\/testimonial][testimonial star_rating=&#8221;100%&#8221; title=&#8221;Testimonial&#8221; id=&#8221;1644235365020-1080c7-73e8&#8243; name=&#8221;Booking.com&#8221; subtitle=&#8221;Publi\u00e9 le 14 Ao\u00fbt 2023&#8243; quote=&#8221;We were greeted with great warmth. The rooms were great &#8211; mine had a balcony bonus. We just stayed one night but would recommend anyone stay here.&#8221; tab_id=&#8221;1695217501444-1&#8243;][\/testimonial][testimonial star_rating=&#8221;100%&#8221; title=&#8221;Testimonial&#8221; id=&#8221;1643110995369-480c7-73e8&#8243; name=&#8221;Expedia&#8221; subtitle=&#8221;Publi\u00e9 le 3 Ao\u00fbt 2023&#8243; quote=&#8221;The staff were very friendly and accommodating and made our stay very pleasant. Breakfast was quite lovely and a nice start to our day! This hotel is on a very quiet street, but about 5 minute walk to metro, cafes, shops, etc.&#8221; tab_id=&#8221;1695217501468-4&#8243;] Click the edit button to add your testimonial. [\/testimonial][testimonial star_rating=&#8221;100%&#8221; title=&#8221;Testimonial&#8221; id=&#8221;1644235365789-1080c7-73e8&#8243; name=&#8221;Orbitz&#8221; subtitle=&#8221;Publi\u00e9 le 1 Ao\u00fbt 2023&#8243; quote=&#8221;Very friendly staff. Nice room and comforatble beds. Family friendly!&#8221; tab_id=&#8221;1695217501495-5&#8243;][\/testimonial][testimonial star_rating=&#8221;100%&#8221; title=&#8221;Testimonial&#8221; id=&#8221;1644235363110-580c7-73e8&#8243; name=&#8221;Booking.com&#8221; subtitle=&#8221;Publi\u00e9 le 24 Juillet 2023&#8243; quote=&#8221;It&#8217;s a great hotel, and I would recommend it and will book it again \ud83d\ude00&#8221; tab_id=&#8221;1695217501521-3&#8243;][\/testimonial][testimonial star_rating=&#8221;100%&#8221; title=&#8221;Testimonial&#8221; id=&#8221;1643110995418-080c7-73e8&#8243; name=&#8221;Booking.com&#8221; subtitle=&#8221;Publi\u00e9 le 18 Juillet 2023&#8243; quote=&#8221;Friendly helpful staff from reception through to cleaners and kitchen staff, great location in Madeleine and a nice quiet location that is close to most attractions.&#8221; tab_id=&#8221;1695217501555-0&#8243;] Click the edit button to add your testimonial. [\/testimonial][testimonial star_rating=&#8221;100%&#8221; title=&#8221;Testimonial&#8221; id=&#8221;1643110995404-880c7-73e8&#8243; name=&#8221;Booking.com&#8221; subtitle=&#8221;Publi\u00e9 le 10 Juillet 2023&#8243; quote=&#8221;Great service, nice room, everything clean, good breakfast and an amazing location. We were the 3 of us and got upgraded to a junior suite, the room was spacious and clean and had two balconies. All the staff were wonderful. We will definitely be back.&#8221; tab_id=&#8221;1695217501584-2&#8243;] Click the edit button to add your testimonial. [\/testimonial][testimonial star_rating=&#8221;100%&#8221; title=&#8221;Testimonial&#8221; id=&#8221;1657119297513-980c7-73e8&#8243; name=&#8221;Booking.com&#8221; subtitle=&#8221;Publi\u00e9 en 8 Juillet 2023&#8243; quote=&#8221;The staff was amazing. From the front desk to the cleaning staff, all were kind, courteous, and very helpful. The management went above and beyond to help us plan tours that were fun and appropriate for my three VERY different teenagers. The breakfast was wonderful and more than enough food. We could eat in the lovely dining area or they would bring to our rooms. We would return tomorrow if possible.&#8221; tab_id=&#8221;1695217501614-1&#8243;][\/testimonial][testimonial star_rating=&#8221;100%&#8221; title=&#8221;Testimonial&#8221; id=&#8221;1657119257485-780c7-73e8&#8243; name=&#8221;Booking.com&#8221; quote=&#8221;Tr\u00e8s sympathique acceuil, les Parisiens sont parfois un peu rude, la c&#8217;est gentillesse et service &#8230;!<br \/>\nJ&#8217;ai pu laisser mes bagages et ceux d&#8217;amis de passages \u00e0 Paris toute la journ\u00e9e, et tout \u00e7a avec le sourire des responsables qui n&#8217;ont m\u00eame pas demand\u00e9 un sou &#8230;.. bref imbatable en rapport qualit\u00e9\/prix\/gentillesse.&#8221; subtitle=&#8221;Publi\u00e9 en 3 Juillet 2023&#8243; tab_id=&#8221;1695217501644-10&#8243;][\/testimonial][testimonial star_rating=&#8221;91%&#8221; title=&#8221;Testimonial&#8221; id=&#8221;1644235367287-880c7-73e8&#8243; name=&#8221;Expedia&#8221; subtitle=&#8221;Publi\u00e9 le 17 Juin 2023&#8243; quote=&#8221;Staff here was super accommodating and nice! I really felt welcomed. Frederic and Phillipe were very helpful, as well as the other front desk staff. Room was cleaned well and the area around the hotel is close to lots of shopping and amazing attractions and buildings. Highly recommanded!&#8221; tab_id=&#8221;1695217501682-2&#8243;][\/testimonial][testimonial star_rating=&#8221;100%&#8221; title=&#8221;Testimonial&#8221; id=&#8221;1644235366499-880c7-73e8&#8243; name=&#8221;Booking.com&#8221; subtitle=&#8221;Publi\u00e9 le 17 Juin 2023&#8243; quote=&#8221;Il faisait chaud et j&#8217;\u00e9tais fatigu\u00e9 et j&#8217;ai \u00e9t\u00e9 apais\u00e9 par les sourires des gens de la r\u00e9ception. Je pense que le service est attentionn\u00e9. Le petit-d\u00e9jeuner a \u00e9galement \u00e9t\u00e9 ajout\u00e9 \u00e0 court terme.&#8221; tab_id=&#8221;1695217501715-0&#8243;][\/testimonial][testimonial star_rating=&#8221;100%&#8221; title=&#8221;Testimonial&#8221; id=&#8221;1643110995383-580c7-73e8&#8243; name=&#8221;Booking.com&#8221; subtitle=&#8221;Publi\u00e9 le 4 Juin 2023&#8243; quote=&#8221;Great location, cozy room, friendly hospitality, love this hotel very much, hope will be there next time in Paris&#8221; tab_id=&#8221;1695217501754-10&#8243;] Click the edit button to add your testimonial. [\/testimonial][testimonial star_rating=&#8221;100%&#8221; title=&#8221;Testimonial&#8221; id=&#8221;1644235368399-480c7-73e8&#8243; name=&#8221;Expedia&#8221; subtitle=&#8221;Publi\u00e9 le 4 Mai 2023&#8243; quote=&#8221;Thank you to all the staff at this fabulous hotel at the best central location in Paris! Great room, comfortable bed, excellent breakfast, friendly help and real care for customers which is a unique experience these days! You helped to make me feel at home in Paris!&#8221; tab_id=&#8221;1695217501787-3&#8243;][\/testimonial][testimonial star_rating=&#8221;91%&#8221; title=&#8221;Testimonial&#8221; id=&#8221;1657119494651-080c7-73e8&#8243; name=&#8221;Booking.com&#8221; quote=&#8221;C&#8217;est le meilleur hotel de paris ! je suis all\u00e9e \u00e0 paris seul et c&#8217;est la premi\u00e8re fois qu&#8217;on y vient. Formidable ! Dans cet h\u00f4tel, j&#8217;y suis all\u00e9e \u00e0 pied Louvre..galerie L et m\u00eame l arche! Il y a -Supermarch\u00e9 \u00e0 proximit\u00e9 qui est \u00e9galement fantastique. Le personnel est tr\u00e8s serviable ! Je reviendrai ici, totalement incroyable. Merci h\u00f4tel Alison !&#8221; tab_id=&#8221;1695217501826-5&#8243;][\/testimonial][testimonial star_rating=&#8221;91%&#8221; title=&#8221;Testimonial&#8221; id=&#8221;1657119511704-380c7-73e8&#8243; name=&#8221;Booking.com&#8221; quote=&#8221;Un h\u00f4tel familial dans un endroit central. De l\u00e0, de nombreuses destinations touristiques peuvent \u00eatre rejointes \u00e0 pied, mais la station de m\u00e9tro Madeleine est juste au coin de la rue. Un endroit id\u00e9al pour d\u00e9couvrir Paris en quelques jours.&#8221; tab_id=&#8221;1695217501866-2&#8243;][\/testimonial][testimonial star_rating=&#8221;100%&#8221; title=&#8221;Testimonial&#8221; id=&#8221;1665562319784-780c7-73e8&#8243; name=&#8221;Booking.com&#8221; quote=&#8221;I\u2019ll definitely recommend the hotel to friends and family and will stay there again \u2764\ufe0f<br \/>\nthe location was perfect ! walking distance to almost everything I wanted to see. the breakfasts were amazing! the hotel was clean and the staff was amazing!&#8221; tab_id=&#8221;1695217501901-9&#8243;][\/testimonial][testimonial star_rating=&#8221;100%&#8221; title=&#8221;Testimonial&#8221; id=&#8221;1665562382871-480c7-73e8&#8243; name=&#8221;Booking.com&#8221; quote=&#8221;L&#8217;emplacement \u00e9tait fantastique ! Bonne nourriture, proche du m\u00e9tro et proche des commerces !&#8221; tab_id=&#8221;1695217501942-2&#8243;][\/testimonial][\/testimonial_slider][\/vc_column][\/vc_row]\n","protected":false},"excerpt":{"rendered":"<p>[vc_row type=&#8221;full_width_content&#8221; full_screen_row_position=&#8221;bottom&#8221; equal_height=&#8221;yes&#8221; content_placement=&#8221;bottom&#8221; scene_position=&#8221;center&#8221; text_color=&#8221;dark&#8221; text_align=&#8221;left&#8221; class=&#8221;desk&#8221; overlay_strength=&#8221;0.3&#8243; shape_divider_position=&#8221;bottom&#8221; shape_type=&#8221;&#8221;][vc_column column_padding=&#8221;no-extra-padding&#8221; column_padding_position=&#8221;all&#8221; background_color_opacity=&#8221;1&#8243; background_hover_color_opacity=&#8221;1&#8243; background_image=&#8221;1325&#8243; enable_bg_scale=&#8221;true&#8221; column_shadow=&#8221;none&#8221; column_border_radius=&#8221;none&#8221; width=&#8221;1\/6&#8243; tablet_text_alignment=&#8221;default&#8221; phone_text_alignment=&#8221;default&#8221; column_border_width=&#8221;none&#8221; column_border_style=&#8221;solid&#8221;][\/vc_column][vc_column column_padding=&#8221;padding-5-percent&#8221; column_padding_position=&#8221;all&#8221; background_color=&#8221;#383838&#8243; background_color_opacity=&#8221;1&#8243; background_hover_color_opacity=&#8221;1&#8243;&#8230;<\/p>\n","protected":false},"author":1,"featured_media":0,"parent":0,"menu_order":0,"comment_status":"closed","ping_status":"closed","template":"","meta":{"inline_featured_image":false,"footnotes":""},"class_list":["post-793","page","type-page","status-publish"],"_links":{"self":[{"href":"https:\/\/www.hotel-alison.com\/en\/wp-json\/wp\/v2\/pages\/793","targetHints":{"allow":["GET"]}}],"collection":[{"href":"https:\/\/www.hotel-alison.com\/en\/wp-json\/wp\/v2\/pages"}],"about":[{"href":"https:\/\/www.hotel-alison.com\/en\/wp-json\/wp\/v2\/types\/page"}],"author":[{"embeddable":true,"href":"https:\/\/www.hotel-alison.com\/en\/wp-json\/wp\/v2\/users\/1"}],"replies":[{"embeddable":true,"href":"https:\/\/www.hotel-alison.com\/en\/wp-json\/wp\/v2\/comments?post=793"}],"version-history":[{"count":12,"href":"https:\/\/www.hotel-alison.com\/en\/wp-json\/wp\/v2\/pages\/793\/revisions"}],"predecessor-version":[{"id":1780,"href":"https:\/\/www.hotel-alison.com\/en\/wp-json\/wp\/v2\/pages\/793\/revisions\/1780"}],"wp:attachment":[{"href":"https:\/\/www.hotel-alison.com\/en\/wp-json\/wp\/v2\/media?parent=793"}],"curies":[{"name":"wp","href":"https:\/\/api.w.org\/{rel}","templated":true}]}}